{"id":189,"date":"2018-06-28T11:24:30","date_gmt":"2018-06-28T11:24:30","guid":{"rendered":"http:\/\/academist.elated-themes.com\/?page_id=189"},"modified":"2023-05-05T11:49:33","modified_gmt":"2023-05-05T09:49:33","slug":"about-us","status":"publish","type":"page","link":"https:\/\/praktykujzmeblewojcik.pl\/?page_id=189","title":{"rendered":"Co po szkole podstawowej?"},"content":{"rendered":"<p>[vc_row][vc_column][vc_empty_space height=&#8221;70px&#8221;][\/vc_column][\/vc_row][vc_row][vc_column]<div class=\"eltdf-elements-holder   eltdf-two-columns  eltdf-responsive-mode-768  eltdf-eh-uncovering-effect eltdf-eh-uncovering-image-right\" ><div class=\"eltdf-eh-item mobile    \" style=\"background-image: url(https:\/\/praktykujzmeblewojcik.pl\/wp-content\/uploads\/2022\/06\/2H0A1479-scaled.jpg)\" data-item-class=\"eltdf-eh-custom-1704\" data-681-768=\"30% 0\" data-680=\"30% 0\">\n\t<div class=\"eltdf-eh-item-inner\">\n\t\t<div class=\"eltdf-eh-item-content eltdf-eh-custom-1704\" >\n\t\t\t\t\t<\/div>\n\t<\/div>\n<\/div><div class=\"eltdf-eh-item     eltdf-background-arrow-right\" style=\"border-color: #ffb200;background-color: #ffb200\" data-item-class=\"eltdf-eh-custom-5525\" data-1367-1600=\"15% 15% 15% 15%\" data-1025-1366=\"15% 15% 15% 15%\" data-769-1024=\"15% 15% 15% 15%\" data-681-768=\"15% 15% 15% 15%\" data-680=\"15% 15% 15% 15%\">\n\t<div class=\"eltdf-eh-item-inner\">\n\t\t<div class=\"eltdf-eh-item-content eltdf-eh-custom-5525\" style=\"padding: 15% 15% 15% 15%\">\n\t\t\t[vc_column_text css_animation=&#8221;bottom-to-top&#8221;]<\/p>\n<h3><span style=\"color: #000000;\">SZKO\u0141A BRAN\u017bOWA I STOPNIA\u00a0 (ZSZ)<\/span><\/h3>\n<p><span style=\"color: #000000;\">Kierunek:<\/span><\/p>\n<h5><span style=\"color: #ff0000;\">Mechanik-Operator Maszyn do Obr\u00f3bki Drzewnej<\/span><\/h5>\n<p><span style=\"color: #000000;\">Gdzie?<\/span><\/p>\n<h5><span style=\"color: #000000;\">Zesp\u00f3\u0142 Szk\u00f3\u0142 In\u017cynierii \u015arodowiska i Us\u0142ug (ZSI\u015aiU)<\/span><\/h5>\n<h5><span style=\"color: #000000;\">im. Miko\u0142aja Kopernika w Elbl\u0105gu, ul. Obro\u0144c\u00f3w Pokoju 44<\/span><\/h5>\n<a itemprop=\"url\" href=\"http:\/\/zsisiu.elblag.eu\" target=\"_blank\" style=\"font-weight: 100\" class=\"eltdf-btn eltdf-btn-small eltdf-btn-solid eltdf-btn-arrow\"  >\n    <span class=\"eltdf-btn-text\">Sprawd\u017a!<\/span>\n    <i class=\"eltdf-icon-font-awesome  \" ><\/i><\/a>\n<p><span style=\"color: #000000;\">Czego si\u0119 nauczysz?<\/span><\/p>\n<ul>\n<li><span style=\"color: #000000;\">podstawowej obs\u0142ugi maszyn i urz\u0105dze\u0144,<\/span><\/li>\n<li><span style=\"color: #000000;\">wykonywania przegl\u0105d\u00f3w oraz konserwacji maszyn i urz\u0105dze\u0144,<\/span><\/li>\n<li><span style=\"color: #000000;\">rysunku technicznego w praktyce,<\/span><\/li>\n<li><span style=\"color: #000000;\">podstaw programowania maszyn w nowoczesnym parku maszynowym,<\/span><\/li>\n<li><span style=\"color: #000000;\">technologii produktu,<\/span><\/li>\n<li><span style=\"color: #000000;\">prowadzenia bie\u017c\u0105cej kontroli jako\u015bci surowc\u00f3w i produkt\u00f3w,<\/span><\/li>\n<li><span style=\"color: #000000;\">poznasz tajniki i ciekawostki pracy na produkcji,<\/span><\/li>\n<li><span style=\"color: #000000;\"><span style=\"color: #000000;\"><strong>zdob\u0119dziesz tytu\u0142: Czeladnika\/Pracownika Wykwalifikowanego<\/strong><\/span><\/span><\/li>\n<\/ul>\n<p>[\/vc_column_text]\t\t<\/div>\n\t<\/div>\n<\/div><div class=\"eltdf-eh-item pc    \" style=\"background-image: url(https:\/\/praktykujzmeblewojcik.pl\/wp-content\/uploads\/2022\/06\/2H0A1479-scaled.jpg)\" data-item-class=\"eltdf-eh-custom-9905\" data-681-768=\"20% 0\" data-680=\"20% 0\">\n\t<div class=\"eltdf-eh-item-inner\">\n\t\t<div class=\"eltdf-eh-item-content eltdf-eh-custom-9905\" >\n\t\t\t\t\t<\/div>\n\t<\/div>\n<\/div><\/div><div class=\"eltdf-elements-holder   eltdf-two-columns  eltdf-responsive-mode-768  eltdf-eh-uncovering-effect eltdf-eh-uncovering-image-right\" ><div class=\"eltdf-eh-item margin-25 eltdf-vertical-alignment-top   \" style=\"background-image: url(https:\/\/praktykujzmeblewojcik.pl\/wp-content\/uploads\/2022\/06\/IMG_4006-kopia-scaled.jpg)\" data-item-class=\"eltdf-eh-custom-7821\" data-681-768=\"30% 0\" data-680=\"30% 0\">\n\t<div class=\"eltdf-eh-item-inner\">\n\t\t<div class=\"eltdf-eh-item-content eltdf-eh-custom-7821\" >\n\t\t\t\t\t<\/div>\n\t<\/div>\n<\/div><div class=\"eltdf-eh-item     eltdf-background-arrow-left\" style=\"border-color: #ffb200;background-color: #ffb200\" data-item-class=\"eltdf-eh-custom-7225\" data-1367-1600=\"15% 15% 15% 15%\" data-1025-1366=\"15% 15% 15% 15%\" data-769-1024=\"15% 15% 15% 15%\" data-681-768=\"15% 15% 15% 15%\" data-680=\"15% 15% 15% 15%\">\n\t<div class=\"eltdf-eh-item-inner\">\n\t\t<div class=\"eltdf-eh-item-content eltdf-eh-custom-7225\" style=\"padding: 15% 15% 15% 15%\">\n\t\t\t[vc_column_text css_animation=&#8221;bottom-to-top&#8221;]<\/p>\n<h3><span style=\"color: #000000;\">SZKO\u0141A BRAN\u017bOWA I STOPNIA (ZSZ)<\/span><\/h3>\n<p>Kierunek:<\/p>\n<h5><span style=\"color: #ff0000;\">Magazynier-Logistyk<\/span><\/h5>\n<p>Gdzie?<\/p>\n<h5>Zesp\u00f3\u0142 Szk\u00f3\u0142 Techniczno-Informatycznych (ZSTI) w Elbl\u0105gu, ul. Rycerska 2<\/h5>\n<a itemprop=\"url\" href=\"https:\/\/zsti.elblag.pl\" target=\"_blank\" style=\"font-weight: 100\" class=\"eltdf-btn eltdf-btn-small eltdf-btn-solid eltdf-btn-arrow\"  >\n    <span class=\"eltdf-btn-text\">Sprawd\u017a!<\/span>\n    <i class=\"eltdf-icon-font-awesome  \" ><\/i><\/a>\n<p>Czego si\u0119 nauczysz?<\/p>\n<ul>\n<li><span style=\"color: #000000;\">podstaw obs\u0142ugi systemu magazynowego,<\/span><\/li>\n<li><span style=\"color: #000000;\">komplementacji zam\u00f3wie\u0144 w magazynie wyrob\u00f3w gotowych,<\/span><\/li>\n<li><span style=\"color: #000000;\">proces\u00f3w przyj\u0119cia towaru i rozchodu magazynowego,<\/span><\/li>\n<li><span style=\"color: #000000;\">tajnik\u00f3w gospodarki magazynowej,<\/span><\/li>\n<li><span style=\"color: #000000;\">rozk\u0142adania towaru w magazynie,<\/span><\/li>\n<li><span style=\"color: #000000;\">prowadzenia bie\u017c\u0105cej kontroli jako\u015bci surowc\u00f3w i produkt\u00f3w,<\/span><\/li>\n<li><span style=\"color: #000000;\">rozpoznawania asortymentu magazynowego,<\/span><\/li>\n<li><span style=\"color: #000000;\"><strong>zdob\u0119dziesz tytu\u0142: Pracownika Wykwalifikowanego<\/strong><\/span><\/li>\n<\/ul>\n<p>[\/vc_column_text]\t\t<\/div>\n\t<\/div>\n<\/div><\/div><div class=\"eltdf-elements-holder   eltdf-two-columns  eltdf-responsive-mode-768  eltdf-eh-uncovering-effect eltdf-eh-uncovering-image-right\" ><div class=\"eltdf-eh-item mobile margin-25    \" style=\"background-image: url(https:\/\/praktykujzmeblewojcik.pl\/wp-content\/uploads\/2022\/06\/2H0A1558-scaled.jpg)\" data-item-class=\"eltdf-eh-custom-4703\" data-681-768=\"30% 0\" data-680=\"30% 0\">\n\t<div class=\"eltdf-eh-item-inner\">\n\t\t<div class=\"eltdf-eh-item-content eltdf-eh-custom-4703\" >\n\t\t\t\t\t<\/div>\n\t<\/div>\n<\/div><div class=\"eltdf-eh-item     eltdf-background-arrow-right\" style=\"border-color: #ffb200;background-color: #ffb200\" data-item-class=\"eltdf-eh-custom-3153\" data-1367-1600=\"15% 15% 15% 15%\" data-1025-1366=\"15% 15% 15% 15%\" data-769-1024=\"15% 15% 15% 15%\" data-681-768=\"15% 15% 15% 15%\" data-680=\"15% 15% 15% 15%\">\n\t<div class=\"eltdf-eh-item-inner\">\n\t\t<div class=\"eltdf-eh-item-content eltdf-eh-custom-3153\" style=\"padding: 15% 15% 15% 15%\">\n\t\t\t[vc_column_text css_animation=&#8221;bottom-to-top&#8221;]<\/p>\n<h3><span style=\"color: #000000;\">SZKO\u0141A BRAN\u017bOWA I STOPNIA (ZSZ)<\/span><\/h3>\n<p>Kierunek:<\/p>\n<h5><span style=\"color: #ff0000;\">Stolarz<\/span><\/h5>\n<p>Gdzie?<\/p>\n<h5>Zesp\u00f3\u0142 Szk\u00f3\u0142 In\u017cynierii \u015arodowiska i Us\u0142ug (ZSI\u015aiU) im. Miko\u0142aja Kopernika w Elbl\u0105gu, ul. Obro\u0144c\u00f3w Pokoju 44 oraz Specjalny O\u015brodek Szkolno-Wychowawczy nr 1 w Elbl\u0105gu, ul. Kopernika 27<\/h5>\n<a itemprop=\"url\" href=\"http:\/\/zsisiu.elblag.eu\" target=\"_blank\" style=\"font-weight: 100\" class=\"eltdf-btn eltdf-btn-small eltdf-btn-solid eltdf-btn-arrow\"  >\n    <span class=\"eltdf-btn-text\">Sprawd\u017a!<\/span>\n    <i class=\"eltdf-icon-font-awesome  \" ><\/i><\/a>\n<p>Czego si\u0119 nauczysz?<\/p>\n<ul>\n<li><span style=\"color: #000000;\">technologii produktu,<\/span><\/li>\n<li><span style=\"color: #000000;\">budowy mebli,<\/span><\/li>\n<li><span style=\"color: #000000;\">monta\u017cu i demonta\u017cu mebli,<\/span><\/li>\n<li><span style=\"color: #000000;\">obs\u0142ugi najnowocze\u015bniejszych maszyn,<\/span><\/li>\n<li><span style=\"color: #000000;\">kontroli jako\u015bci wykonanego produktu i p\u00f3\u0142produktu,<\/span><\/li>\n<li><span style=\"color: #000000;\">czytania rysunku technicznego i jego zastosowania w praktyce,<\/span><\/li>\n<li><span style=\"color: #000000;\">tajnik\u00f3w pracy na produkcji,<\/span><\/li>\n<li><span style=\"color: #000000;\"><strong>zdob\u0119dziesz tytu\u0142: Czeladnika\/Pracownika Wykwalifikowanego<\/strong><\/span><\/li>\n<\/ul>\n<p>[\/vc_column_text]\t\t<\/div>\n\t<\/div>\n<\/div><div class=\"eltdf-eh-item pc    \" style=\"background-image: url(https:\/\/praktykujzmeblewojcik.pl\/wp-content\/uploads\/2022\/06\/2H0A1558-scaled.jpg)\" data-item-class=\"eltdf-eh-custom-3569\" data-681-768=\"20% 0\" data-680=\"20% 0\">\n\t<div class=\"eltdf-eh-item-inner\">\n\t\t<div class=\"eltdf-eh-item-content eltdf-eh-custom-3569\" >\n\t\t\t\t\t<\/div>\n\t<\/div>\n<\/div><\/div><div class=\"eltdf-elements-holder   eltdf-two-columns  eltdf-responsive-mode-768  eltdf-eh-uncovering-effect eltdf-eh-uncovering-image-right\" ><div class=\"eltdf-eh-item margin-25    \" style=\"background-image: url(https:\/\/praktykujzmeblewojcik.pl\/wp-content\/uploads\/2018\/07\/ABCD_event-slike-04.jpg)\" data-item-class=\"eltdf-eh-custom-3518\" data-681-768=\"30% 0\" data-680=\"30% 0\">\n\t<div class=\"eltdf-eh-item-inner\">\n\t\t<div class=\"eltdf-eh-item-content eltdf-eh-custom-3518\" >\n\t\t\t\t\t<\/div>\n\t<\/div>\n<\/div><div class=\"eltdf-eh-item     eltdf-background-arrow-left\" style=\"border-color: #13c6bd;background-color: #13c6bd\" data-item-class=\"eltdf-eh-custom-8600\" data-1367-1600=\"15% 15% 15% 15%\" data-1025-1366=\"15% 15% 15% 15%\" data-769-1024=\"15% 15% 15% 15%\" data-681-768=\"15% 15% 15% 15%\" data-680=\"15% 15% 15% 15%\">\n\t<div class=\"eltdf-eh-item-inner\">\n\t\t<div class=\"eltdf-eh-item-content eltdf-eh-custom-8600\" style=\"padding: 15% 15% 15% 15%\">\n\t\t\t[vc_column_text css_animation=&#8221;bottom-to-top&#8221;]<\/p>\n<h3><span style=\"color: #000000;\">TECHNIKUM<\/span><\/h3>\n<p><span style=\"color: #000000;\">Kierunek:<\/span><\/p>\n<h5><strong><span style=\"color: #ff0000;\">Technik Technologii Drewna<\/span><\/strong><\/h5>\n<p><span style=\"color: #000000;\">Gdzie?<\/span><\/p>\n<h5><span style=\"color: #000000;\">Zesp\u00f3\u0142 Szk\u00f3\u0142 In\u017cynierii \u015arodowiska i Us\u0142ug (ZSI\u015aiU) im. Miko\u0142aja Kopernika w Elbl\u0105gu, ul. Obro\u0144c\u00f3w Pokoju 44<\/span><\/h5>\n<a itemprop=\"url\" href=\"http:\/\/zsisiu.elblag.eu\" target=\"_blank\" style=\"font-weight: 100\" class=\"eltdf-btn eltdf-btn-small eltdf-btn-solid eltdf-btn-arrow\"  >\n    <span class=\"eltdf-btn-text\">Sprawd\u017a!<\/span>\n    <i class=\"eltdf-icon-font-awesome  \" ><\/i><\/a>\n<h6><span style=\"color: #000000;\">Czego si\u0119 nauczysz:<\/span><\/h6>\n<ul>\n<li><span style=\"color: #000000;\">proces\u00f3w przetw\u00f3rstwa drzewnego,<\/span><\/li>\n<li><span style=\"color: #000000;\">technologii obr\u00f3bki drzewnej,<\/span><\/li>\n<li><span style=\"color: #000000;\">projektowania mebli w programach komputerowych,<\/span><\/li>\n<li><span style=\"color: #000000;\">opracowywania dokumentacji technologicznej wyrob\u00f3w,<\/span><\/li>\n<li><span style=\"color: #000000;\">klasyfikacji asortymentowej i jako\u015bciowej surowc\u00f3w drzewnych oraz ich p\u00f3\u0142fabrykat\u00f3w,<\/span><\/li>\n<li><span style=\"color: #000000;\">proces\u00f3w produkcyjnych i oko\u0142oprodukcyjnych w firmie Meble W\u00f3jcik,<\/span><\/li>\n<li><span style=\"color: #000000;\">komunikacji z wykfalifikowanymi specjalistami z obszaru technologii i konstrukcji mebli,<\/span><\/li>\n<li><span style=\"color: #000000;\"><strong>zdob\u0119dziesz tytu\u0142: Technik Technologii Drewna\u00a0<\/strong><\/span><\/li>\n<\/ul>\n<p>[\/vc_column_text]\t\t<\/div>\n\t<\/div>\n<\/div><\/div><div class=\"eltdf-elements-holder   eltdf-two-columns  eltdf-responsive-mode-768  eltdf-eh-uncovering-effect eltdf-eh-uncovering-image-right\" ><div class=\"eltdf-eh-item mobile margin-25 eltdf-vertical-alignment-top eltdf-horizontal-alignment-right  \" style=\"background-image: url(https:\/\/praktykujzmeblewojcik.pl\/wp-content\/uploads\/2022\/06\/group-of-happy-young-students-in-a-university-scaled.jpg)\" data-item-class=\"eltdf-eh-custom-7390\" data-681-768=\"30% 0\" data-680=\"30% 0\">\n\t<div class=\"eltdf-eh-item-inner\">\n\t\t<div class=\"eltdf-eh-item-content eltdf-eh-custom-7390\" >\n\t\t\t\t\t<\/div>\n\t<\/div>\n<\/div><div class=\"eltdf-eh-item     eltdf-background-arrow-right\" style=\"border-color: #8c398c;background-color: #8c398c\" data-item-class=\"eltdf-eh-custom-8680\" data-1367-1600=\"115px 17% 143px 20%\" data-1025-1366=\"105px 16% 133px 18%\" data-769-1024=\"95px 6% 123px 8%\" data-681-768=\"135px 18% 163px 22%\" data-680=\"62px 0% 92px 10%\">\n\t<div class=\"eltdf-eh-item-inner\">\n\t\t<div class=\"eltdf-eh-item-content eltdf-eh-custom-8680\" style=\"padding: 135px 24% 163px 24%\">\n\t\t\t[vc_column_text css_animation=&#8221;bottom-to-top&#8221;]<\/p>\n<h3><span style=\"color: #ffffff;\">PRAKTYKI I STA\u017bE\u00a0<\/span><\/h3>\n<p><span style=\"color: #ffffff;\">Co oferujemy? <\/span><\/p>\n<ul>\n<li><span style=\"color: #ffffff;\">miesi\u0119czne praktyki dla szk\u00f3\u0142 ponadpodstawowych o profilu technicznym, <\/span><\/li>\n<li><span style=\"color: #ffffff;\">sta\u017ce dla student\u00f3w kierunk\u00f3w og\u00f3lnych,\u00a0<\/span><\/li>\n<li><span style=\"color: #ffffff;\">wsp\u00f3\u0142praca ze Szko\u0142\u0105 G\u0142\u00f3wn\u0105 Gospodarstwa Wiejskiego w Warszawie &#8211; studenci wydzia\u0142u Technologii Drewna lub kierunk\u00f3w meblarskich maj\u0105 mo\u017cliwo\u015b\u0107 odbycia p\u0142atnych sta\u017cy wakacyjnych.\u00a0<\/span><\/li>\n<\/ul>\n<p>[\/vc_column_text]\t\t<\/div>\n\t<\/div>\n<\/div><div class=\"eltdf-eh-item pc  eltdf-horizontal-alignment-right  \" style=\"background-image: url(https:\/\/praktykujzmeblewojcik.pl\/wp-content\/uploads\/2022\/06\/group-of-happy-young-students-in-a-university-scaled.jpg)\" data-item-class=\"eltdf-eh-custom-8065\" data-681-768=\"20% 0\" data-680=\"20% 0\">\n\t<div class=\"eltdf-eh-item-inner\">\n\t\t<div class=\"eltdf-eh-item-content eltdf-eh-custom-8065\" >\n\t\t\t\t\t<\/div>\n\t<\/div>\n<\/div><\/div>[\/vc_column][\/vc_row][vc_row row_content_width=&#8221;grid&#8221; css=&#8221;.vc_custom_1531746048175{padding-top: 100px !important;padding-bottom: 130px !important;}&#8221;][vc_column][vc_column_text]<\/p>\n<h2><span style=\"color: #ff0000;\"><strong>FAQ<\/strong><\/span><\/h2>\n<p>[\/vc_column_text]<div class=\"eltdf-accordion-holder eltdf-ac-default  eltdf-accordion eltdf-ac-boxed  clearfix\">\n\t<h5 class=\"eltdf-accordion-title\">\n\t<span class=\"eltdf-tab-title\">Ile trwa nauka?<\/span>\n<\/h5>\n<div class=\"eltdf-accordion-content\">\n\t<div class=\"eltdf-accordion-content-inner\">\n\t\t[vc_column_text]<\/p>\n<p style=\"margin-top: 0px;\">W zale\u017cno\u015bci od rodzaju szko\u0142y okres trwania nauki jest r\u00f3\u017cny &#8211; w technikum nauka trwa 5 lat, natomiast w szkole bran\u017cowej 1 stopnia 3 lata.<\/p>\n<p>[\/vc_column_text]\t<\/div>\n<\/div><h5 class=\"eltdf-accordion-title\">\n\t<span class=\"eltdf-tab-title\">Jakie b\u0119de mia\u0142 wykszta\u0142cenie?<\/span>\n<\/h5>\n<div class=\"eltdf-accordion-content\">\n\t<div class=\"eltdf-accordion-content-inner\">\n\t\t[vc_column_text]W przypadku szko\u0142y bran\u017cowej 1 stopnia po zdaniu egzaminu z jednej kwalifikacji absolwent uzyskuje dyplom potwierdzaj\u0105cy kwalifikacj\u0119 zawodowe &#8211; wg przepis\u00f3w Prawa O\u015bwiatowego, absolwenci szko\u0142y bran\u017cowej I stopnia posiadaj\u0105 wykszta\u0142cenie zasadnicze bran\u017cowe. W przypadku technikum nauka mo\u017ce by\u0107 zako\u0144czona egzaminem maturalnym i\/lub egzaminem pozwalaj\u0105cym uzyska\u0107 kwalifikacje zawodowe. Absolwent technikum posiada wykszta\u0142cenie \u015brednie zawodowe.[\/vc_column_text]\t<\/div>\n<\/div><h5 class=\"eltdf-accordion-title\">\n\t<span class=\"eltdf-tab-title\">Jaki jest tryb zaj\u0119\u0107?<\/span>\n<\/h5>\n<div class=\"eltdf-accordion-content\">\n\t<div class=\"eltdf-accordion-content-inner\">\n\t\t[vc_column_text]W przypadku szko\u0142y bran\u017cowej I stopnia w klasach 1 i 2 nauka prowadzona jest w systemie 2:3 czyli 2 dni ucze\u0144 jest na praktykach a 3 dni w szkole. W klasie 3 system zmienia si\u0119 na 3:2 czyli 3 dni na praktykach a 2 dni w szkole. W technikum ca\u0142a nauka odbywa si\u0119 w szkole natomiast w 3 klasie odbywa si\u0119 miesi\u0119czn\u0105 praktyk\u0119 w Meble W\u00f3jcik.[\/vc_column_text]\t<\/div>\n<\/div><\/div>[\/vc_column][\/vc_row][vc_row][vc_column][vc_empty_space height=&#8221;30px&#8221;][\/vc_column][\/vc_row][vc_row row_content_width=&#8221;grid&#8221; content_text_aligment=&#8221;center&#8221; css=&#8221;.vc_custom_1660887498152{padding-top: 93px !important;padding-bottom: 60px !important;}&#8221; simple_background_color=&#8221;#252525&#8243;][vc_column]<div class=\"eltdf-elements-holder   eltdf-one-column  eltdf-responsive-mode-768   \" ><div class=\"eltdf-eh-item     \"  data-item-class=\"eltdf-eh-custom-2174\" data-1025-1366=\"0 0 0 40%\" data-769-1024=\"0 0 0 35%\" data-681-768=\"0 0 0 32%\" data-680=\"0 48px 0 17%\">\n\t<div class=\"eltdf-eh-item-inner\">\n\t\t<div class=\"eltdf-eh-item-content eltdf-eh-custom-2174\" style=\"padding: 0 0 0 42%\">\n\t\t\t<div class=\"eltdf-single-image-holder   eltdf-image-behavior-zoom\">\n    <div class=\"eltdf-si-inner\" >\n                                    <img loading=\"lazy\" decoding=\"async\" width=\"205\" height=\"108\" src=\"https:\/\/praktykujzmeblewojcik.pl\/wp-content\/uploads\/2022\/07\/2_logo_stopka.png\" class=\"attachment-full size-full\" alt=\"\" \/>                        <\/div>\n<\/div>\t\t<\/div>\n\t<\/div>\n<\/div><\/div>[vc_empty_space height=&#8221;42px&#8221;][vc_column_text]<span style=\"font-family: Poppins; font-weight: 400; color: #ffffff;\">Praktykuj z Meble W\u00f3jcik<\/span>[\/vc_column_text][vc_column_text]<span style=\"font-family: Poppins; font-weight: 400; color: #ffffff;\">Ul. Mazurska 13, 82-300 Elbl\u0105g\u00a0<\/span>[\/vc_column_text][vc_column_text]<span style=\"font-family: Poppins; font-weight: 400; color: #ffffff;\">+48 785 775 885<\/span>[\/vc_column_text][vc_empty_space height=&#8221;25px&#8221;][vc_column_text]<\/p>\n<div class=\"boxed-footer-custom-menu\">\n<div class=\"boxed-footer-custom-menu-inner\">\n<ul>\n<li><a href=\"https:\/\/praktykujzmeblewojcik.pl\/\">Home<\/a><\/li>\n<li><a href=\"https:\/\/praktykujzmeblewojcik.pl\/?page_id=189\">Co po szkole podstawowej?<\/a><\/li>\n<li><a href=\"https:\/\/praktykujzmeblewojcik.pl\/?page_id=3663\">Dlaczego Meble W\u00f3jcik?<\/a><\/li>\n<li><a href=\"https:\/\/praktykujzmeblewojcik.pl\/?page_id=1273\">Video<\/a><\/li>\n<li><a href=\"https:\/\/praktykujzmeblewojcik.pl\/?page_id=1310\">Galeria<\/a><\/li>\n<li><a href=\"https:\/\/praktykujzmeblewojcik.pl\/?page_id=311\">Kontakt<\/a><\/li>\n<\/ul>\n<\/div>\n<\/div>\n<p>[\/vc_column_text][\/vc_column][\/vc_row]<\/p>\n","protected":false},"excerpt":{"rendered":"<p>[vc_row][vc_column][vc_empty_space height=&#8221;70px&#8221;][\/vc_column][\/vc_row][vc_row][vc_column][\/vc_column][\/vc_row][vc_row row_content_width=&#8221;grid&#8221; css=&#8221;.vc_custom_1531746048175{padding-top: 100px !important;padding-bottom: 130px !important;}&#8221;][vc_column][vc_column_text] FAQ [\/vc_column_text][\/vc_column][\/vc_row][vc_row][vc_column][vc_empty_space height=&#8221;30px&#8221;][\/vc_column][\/vc_row][vc_row row_content_width=&#8221;grid&#8221; content_text_aligment=&#8221;center&#8221; css=&#8221;.vc_custom_1660887498152{padding-top: 93px !important;padding-bottom: 60px !important;}&#8221; simple_background_color=&#8221;#252525&#8243;][vc_column][vc_empty_space height=&#8221;42px&#8221;][vc_column_text]Praktykuj z Meble W\u00f3jcik[\/vc_column_text][vc_column_text]Ul. Mazurska 13, 82-300 Elbl\u0105g\u00a0[\/vc_column_text][vc_column_text]+48 785 775 885[\/vc_column_text][vc_empty_space height=&#8221;25px&#8221;][vc_column_text] Home Co po szkole podstawowej? Dlaczego Meble W\u00f3jcik? Video Galeria Kontakt [\/vc_column_text][\/vc_column][\/vc_row]<\/p>\n","protected":false},"author":1,"featured_media":0,"parent":0,"menu_order":0,"comment_status":"closed","ping_status":"closed","template":"full-width.php","meta":{"_bbp_topic_count":0,"_bbp_reply_count":0,"_bbp_total_topic_count":0,"_bbp_total_reply_count":0,"_bbp_voice_count":0,"_bbp_anonymous_reply_count":0,"_bbp_topic_count_hidden":0,"_bbp_reply_count_hidden":0,"_bbp_forum_subforum_count":0,"om_disable_all_campaigns":false,"_monsterinsights_skip_tracking":false,"_monsterinsights_sitenote_active":false,"_monsterinsights_sitenote_note":"","_monsterinsights_sitenote_category":0,"footnotes":""},"class_list":["post-189","page","type-page","status-publish","hentry"],"_links":{"self":[{"href":"https:\/\/praktykujzmeblewojcik.pl\/index.php?rest_route=\/wp\/v2\/pages\/189","targetHints":{"allow":["GET"]}}],"collection":[{"href":"https:\/\/praktykujzmeblewojcik.pl\/index.php?rest_route=\/wp\/v2\/pages"}],"about":[{"href":"https:\/\/praktykujzmeblewojcik.pl\/index.php?rest_route=\/wp\/v2\/types\/page"}],"author":[{"embeddable":true,"href":"https:\/\/praktykujzmeblewojcik.pl\/index.php?rest_route=\/wp\/v2\/users\/1"}],"replies":[{"embeddable":true,"href":"https:\/\/praktykujzmeblewojcik.pl\/index.php?rest_route=%2Fwp%2Fv2%2Fcomments&post=189"}],"version-history":[{"count":230,"href":"https:\/\/praktykujzmeblewojcik.pl\/index.php?rest_route=\/wp\/v2\/pages\/189\/revisions"}],"predecessor-version":[{"id":4624,"href":"https:\/\/praktykujzmeblewojcik.pl\/index.php?rest_route=\/wp\/v2\/pages\/189\/revisions\/4624"}],"wp:attachment":[{"href":"https:\/\/praktykujzmeblewojcik.pl\/index.php?rest_route=%2Fwp%2Fv2%2Fmedia&parent=189"}],"curies":[{"name":"wp","href":"https:\/\/api.w.org\/{rel}","templated":true}]}}