{"id":3663,"date":"2018-07-03T07:47:12","date_gmt":"2018-07-03T05:47:12","guid":{"rendered":"http:\/\/praktykujzmeblewojcik.pl\/index.php\/childrens-school-2\/"},"modified":"2023-04-11T13:21:45","modified_gmt":"2023-04-11T11:21:45","slug":"childrens-school-2","status":"publish","type":"page","link":"https:\/\/praktykujzmeblewojcik.pl\/?page_id=3663","title":{"rendered":"Dlaczego Meble W\u00f3jcik?"},"content":{"rendered":"<p>[vc_row content_text_aligment=&#8221;center&#8221;][vc_column][vc_column_text][\/vc_column_text][vc_column_text css=&#8221;.vc_custom_1681212093272{padding-top: 40px !important;}&#8221; el_id=&#8221;meble&#8221;]<\/p>\n<h2 style=\"color: #fff;\">Piotr W\u00f3jcik<\/h2>\n<p style=\"color: #fff;\">Wsp\u00f3\u0142czesny rynek pracy stawia przed m\u0142odymi lud\u017ami wiele wyzwa\u0144. Opr\u00f3cz teoretycznej wiedzy, firmy coraz cz\u0119\u015bciej oczekuj\u0105 od nich kompetencji popartych do\u015bwiadczeniem. Odpowiedzi\u0105 na te wymagania jest szkolnictwo zawodowe i dualny system kszta\u0142cenia.<\/p>\n<p>[\/vc_column_text][vc_column_text css=&#8221;.vc_custom_1655278584694{padding-top: 40px !important;}&#8221;]<\/p>\n<h2><\/h2>\n<h2><strong>Co oferujemy:<\/strong><\/h2>\n<p>[\/vc_column_text]<div class=\"eltdf-elements-holder   eltdf-three-columns  eltdf-responsive-mode-768   \" ><div class=\"eltdf-eh-item     \"  data-item-class=\"eltdf-eh-custom-8793\" data-1025-1366=\"130px 25px 55px 100px\" data-769-1024=\"130px 35px 55px 35px\" data-681-768=\"130px 155px 55px 155px\" data-680=\"130px 45px 55px 45px\">\n\t<div class=\"eltdf-eh-item-inner\">\n\t\t<div class=\"eltdf-eh-item-content eltdf-eh-custom-8793\" style=\"padding: 130px 25px 55px 125px\">\n\t\t\t<div class=\"eltdf-iwt clearfix  eltdf-iwt-icon-top eltdf-iwt-icon-medium eltdf-iwt-position-text_center\">\n\t<div class=\"eltdf-iwt-icon\">\n\t\t\t\t\t\t\t\t\t<img loading=\"lazy\" decoding=\"async\" width=\"61\" height=\"61\" src=\"https:\/\/praktykujzmeblewojcik.pl\/wp-content\/uploads\/2022\/06\/platna_praktyka.png\" class=\"attachment-full size-full\" alt=\"Praktykuj z Meble W\u00f3jcik\" \/>\t\t\t\t\t\t<\/div>\n\t<div class=\"eltdf-iwt-content\" >\n\t\t\t\t\t<h4 class=\"eltdf-iwt-title\" >\n\t\t\t\t\t\t\t\t<span class=\"eltdf-iwt-title-text\">P\u0142atn\u0105 praktyk\u0119<\/span>\n\t\t\t\t\t\t\t<\/h4>\n\t\t\t\t\t\t\t<p class=\"eltdf-iwt-text\" >zgodnie z rozporz\u0105dzeniem Rady Ministr\u00f3w z dnia 28 maja 1996 r. w sprawie przygotowania zawodowego m\u0142odocianych i ich wynagradzania.<\/p>\n\t\t\t<\/div>\n<\/div>\t\t<\/div>\n\t<\/div>\n<\/div><div class=\"eltdf-eh-item     \"  data-item-class=\"eltdf-eh-custom-3531\" data-1025-1366=\"130px 60px 55px 60px\" data-769-1024=\"130px 35px 55px 35px\" data-681-768=\"0 155px 70px 155px\" data-680=\"0px 45px 70px 45px\">\n\t<div class=\"eltdf-eh-item-inner\">\n\t\t<div class=\"eltdf-eh-item-content eltdf-eh-custom-3531\" style=\"padding: 130px 75px 55px 75px\">\n\t\t\t<div class=\"eltdf-iwt clearfix  eltdf-iwt-icon-top eltdf-iwt-icon-medium eltdf-iwt-position-text_center\">\n\t<div class=\"eltdf-iwt-icon\">\n\t\t\t\t\t\t\t\t\t<img loading=\"lazy\" decoding=\"async\" width=\"61\" height=\"61\" src=\"https:\/\/praktykujzmeblewojcik.pl\/wp-content\/uploads\/2022\/06\/umowa_o_prace.png\" class=\"attachment-full size-full\" alt=\"Praktykuj z Meble W\u00f3jcik\" \/>\t\t\t\t\t\t<\/div>\n\t<div class=\"eltdf-iwt-content\" >\n\t\t\t\t\t<h4 class=\"eltdf-iwt-title\" >\n\t\t\t\t\t\t\t\t<span class=\"eltdf-iwt-title-text\">Umow\u0119 o prac\u0119<\/span>\n\t\t\t\t\t\t\t<\/h4>\n\t\t\t\t\t\t\t<p class=\"eltdf-iwt-text\" >na prawach pracownika m\u0142odocianego.<\/p>\n\t\t\t<\/div>\n<\/div>\t\t<\/div>\n\t<\/div>\n<\/div><div class=\"eltdf-eh-item     \"  data-item-class=\"eltdf-eh-custom-8260\" data-1025-1366=\"130px 100px 55px 25px\" data-769-1024=\"130px 35px 55px 35px\" data-681-768=\"0 155px 55px 155px\" data-680=\"0px 45px 55px 45px\">\n\t<div class=\"eltdf-eh-item-inner\">\n\t\t<div class=\"eltdf-eh-item-content eltdf-eh-custom-8260\" style=\"padding: 130px 125px 55px 30px\">\n\t\t\t<div class=\"eltdf-iwt clearfix  eltdf-iwt-icon-top eltdf-iwt-icon-medium eltdf-iwt-position-text_center\">\n\t<div class=\"eltdf-iwt-icon\">\n\t\t\t\t\t\t\t\t\t<img loading=\"lazy\" decoding=\"async\" width=\"61\" height=\"61\" src=\"https:\/\/praktykujzmeblewojcik.pl\/wp-content\/uploads\/2022\/06\/codzienna_opieka_instruktora.png\" class=\"attachment-full size-full\" alt=\"Praktykuj z Meble W\u00f3jcik\" \/>\t\t\t\t\t\t<\/div>\n\t<div class=\"eltdf-iwt-content\" >\n\t\t\t\t\t<h4 class=\"eltdf-iwt-title\" >\n\t\t\t\t\t\t\t\t<span class=\"eltdf-iwt-title-text\">Codzienn\u0105 opiek\u0119 instruktora<\/span>\n\t\t\t\t\t\t\t<\/h4>\n\t\t\t\t\t<\/div>\n<\/div>\t\t<\/div>\n\t<\/div>\n<\/div><\/div>[\/vc_column][\/vc_row][vc_row content_text_aligment=&#8221;center&#8221;][vc_column]<div class=\"eltdf-elements-holder   eltdf-three-columns  eltdf-responsive-mode-768   \" ><div class=\"eltdf-eh-item     \"  data-item-class=\"eltdf-eh-custom-2868\" data-1025-1366=\"0px 25px 115px 100px\" data-769-1024=\"0px 35px 115px 35px\" data-681-768=\"0px 155px 70px 155px\" data-680=\"0px 45px 70px 45px\">\n\t<div class=\"eltdf-eh-item-inner\">\n\t\t<div class=\"eltdf-eh-item-content eltdf-eh-custom-2868\" style=\"padding: 0px 25px 115px 125px\">\n\t\t\t<div class=\"eltdf-iwt clearfix  eltdf-iwt-icon-top eltdf-iwt-icon-medium eltdf-iwt-position-text_center\">\n\t<div class=\"eltdf-iwt-icon\">\n\t\t\t\t\t\t\t\t\t<img loading=\"lazy\" decoding=\"async\" width=\"61\" height=\"61\" src=\"https:\/\/praktykujzmeblewojcik.pl\/wp-content\/uploads\/2022\/06\/mozliwosc_pracy_wakacyjnej.png\" class=\"attachment-full size-full\" alt=\"Praktykuj z Meble W\u00f3jcik\" \/>\t\t\t\t\t\t<\/div>\n\t<div class=\"eltdf-iwt-content\" >\n\t\t\t\t\t<h4 class=\"eltdf-iwt-title\" >\n\t\t\t\t\t\t\t\t<span class=\"eltdf-iwt-title-text\">Mo\u017cliwo\u015b\u0107 pracy wakacyjnej<\/span>\n\t\t\t\t\t\t\t<\/h4>\n\t\t\t\t\t<\/div>\n<\/div>\t\t<\/div>\n\t<\/div>\n<\/div><div class=\"eltdf-eh-item     \"  data-item-class=\"eltdf-eh-custom-6745\" data-1025-1366=\"0px 60px 115px 60px\" data-769-1024=\"0px 35px 115px 35px\" data-681-768=\"0 155px 70px 155px\" data-680=\"0px 45px 70px 45px\">\n\t<div class=\"eltdf-eh-item-inner\">\n\t\t<div class=\"eltdf-eh-item-content eltdf-eh-custom-6745\" style=\"padding: 0px 75px 115px 75px\">\n\t\t\t<div class=\"eltdf-iwt clearfix  eltdf-iwt-icon-top eltdf-iwt-icon-medium eltdf-iwt-position-text_center\">\n\t<div class=\"eltdf-iwt-icon\">\n\t\t\t\t\t\t\t\t\t<img loading=\"lazy\" decoding=\"async\" width=\"61\" height=\"61\" src=\"https:\/\/praktykujzmeblewojcik.pl\/wp-content\/uploads\/2022\/06\/nagrody-finansowe-i-rzeczowe.png\" class=\"attachment-full size-full\" alt=\"Praktykuj z Meble W\u00f3jcik\" \/>\t\t\t\t\t\t<\/div>\n\t<div class=\"eltdf-iwt-content\" >\n\t\t\t\t\t<h4 class=\"eltdf-iwt-title\" >\n\t\t\t\t\t\t\t\t<span class=\"eltdf-iwt-title-text\">Nagrody finansowe i rzeczowe<\/span>\n\t\t\t\t\t\t\t<\/h4>\n\t\t\t\t\t\t\t<p class=\"eltdf-iwt-text\" >dla najlepszych uczni\u00f3w<\/p>\n\t\t\t<\/div>\n<\/div>\t\t<\/div>\n\t<\/div>\n<\/div><div class=\"eltdf-eh-item     \"  data-item-class=\"eltdf-eh-custom-7637\" data-1025-1366=\"0px 100px 115px 25px\" data-769-1024=\"0px 35px 115px 35px\" data-681-768=\"0 155px 115px 155px\" data-680=\"0px 45px 115px 45px\">\n\t<div class=\"eltdf-eh-item-inner\">\n\t\t<div class=\"eltdf-eh-item-content eltdf-eh-custom-7637\" style=\"padding: 0px 125px 115px 30px\">\n\t\t\t<div class=\"eltdf-iwt clearfix  eltdf-iwt-icon-top eltdf-iwt-icon-medium eltdf-iwt-position-text_center\">\n\t<div class=\"eltdf-iwt-icon\">\n\t\t\t\t\t\t\t\t\t<img loading=\"lazy\" decoding=\"async\" width=\"61\" height=\"61\" src=\"https:\/\/praktykujzmeblewojcik.pl\/wp-content\/uploads\/2022\/06\/stypendium-frekwencyjne.png\" class=\"attachment-full size-full\" alt=\"Praktykuj z Meble W\u00f3jcik\" \/>\t\t\t\t\t\t<\/div>\n\t<div class=\"eltdf-iwt-content\" >\n\t\t\t\t\t<h4 class=\"eltdf-iwt-title\" >\n\t\t\t\t\t\t\t\t<span class=\"eltdf-iwt-title-text\">Stypendium frekwencyjne<\/span>\n\t\t\t\t\t\t\t<\/h4>\n\t\t\t\t\t\t\t<p class=\"eltdf-iwt-text\" >za 100% obecno\u015bci.<\/p>\n\t\t\t<\/div>\n<\/div>\t\t<\/div>\n\t<\/div>\n<\/div><\/div>[\/vc_column][\/vc_row][vc_row content_text_aligment=&#8221;center&#8221;][vc_column]<div class=\"eltdf-elements-holder   eltdf-three-columns  eltdf-responsive-mode-768   \" ><div class=\"eltdf-eh-item     \"  data-item-class=\"eltdf-eh-custom-1868\" data-1025-1366=\"0px 25px 115px 100px\" data-769-1024=\"0px 35px 115px 35px\" data-681-768=\"0px 155px 70px 155px\" data-680=\"0px 45px 70px 45px\">\n\t<div class=\"eltdf-eh-item-inner\">\n\t\t<div class=\"eltdf-eh-item-content eltdf-eh-custom-1868\" style=\"padding: 0px 25px 115px 125px\">\n\t\t\t<div class=\"eltdf-iwt clearfix  eltdf-iwt-icon-top eltdf-iwt-icon-medium eltdf-iwt-position-text_center\">\n\t<div class=\"eltdf-iwt-icon\">\n\t\t\t\t\t\t\t\t\t<img loading=\"lazy\" decoding=\"async\" width=\"61\" height=\"61\" src=\"https:\/\/praktykujzmeblewojcik.pl\/wp-content\/uploads\/2022\/06\/bony-swiateczne.png\" class=\"attachment-full size-full\" alt=\"Praktykuj z Meble W\u00f3jcik\" \/>\t\t\t\t\t\t<\/div>\n\t<div class=\"eltdf-iwt-content\" >\n\t\t\t\t\t<h4 class=\"eltdf-iwt-title\" >\n\t\t\t\t\t\t\t\t<span class=\"eltdf-iwt-title-text\">Bony \u015bwi\u0105teczne<\/span>\n\t\t\t\t\t\t\t<\/h4>\n\t\t\t\t\t<\/div>\n<\/div>\t\t<\/div>\n\t<\/div>\n<\/div><div class=\"eltdf-eh-item     \"  data-item-class=\"eltdf-eh-custom-9022\" data-1025-1366=\"0px 60px 115px 60px\" data-769-1024=\"0px 35px 115px 35px\" data-681-768=\"0 155px 70px 155px\" data-680=\"0px 45px 70px 45px\">\n\t<div class=\"eltdf-eh-item-inner\">\n\t\t<div class=\"eltdf-eh-item-content eltdf-eh-custom-9022\" style=\"padding: 0px 75px 115px 75px\">\n\t\t\t<div class=\"eltdf-iwt clearfix  eltdf-iwt-icon-top eltdf-iwt-icon-medium eltdf-iwt-position-text_center\">\n\t<div class=\"eltdf-iwt-icon\">\n\t\t\t\t\t\t\t\t\t<img loading=\"lazy\" decoding=\"async\" width=\"61\" height=\"61\" src=\"https:\/\/praktykujzmeblewojcik.pl\/wp-content\/uploads\/2022\/06\/wsparcie-zakladowego-koordynatora-ds.-szkolnictwa-zawodowego.png\" class=\"attachment-full size-full\" alt=\"Praktykuj z Meble W\u00f3jcik\" \/>\t\t\t\t\t\t<\/div>\n\t<div class=\"eltdf-iwt-content\" >\n\t\t\t\t\t<h4 class=\"eltdf-iwt-title\" >\n\t\t\t\t\t\t\t\t<span class=\"eltdf-iwt-title-text\">Wsparcie zak\u0142adowego koordynatora ds. szkolnictwa zawodowego<\/span>\n\t\t\t\t\t\t\t<\/h4>\n\t\t\t\t\t<\/div>\n<\/div>\t\t<\/div>\n\t<\/div>\n<\/div><div class=\"eltdf-eh-item     \"  data-item-class=\"eltdf-eh-custom-8856\" data-1025-1366=\"0px 100px 115px 25px\" data-769-1024=\"0px 35px 115px 35px\" data-681-768=\"0 155px 115px 155px\" data-680=\"0px 45px 115px 45px\">\n\t<div class=\"eltdf-eh-item-inner\">\n\t\t<div class=\"eltdf-eh-item-content eltdf-eh-custom-8856\" style=\"padding: 0px 125px 115px 30px\">\n\t\t\t<div class=\"eltdf-iwt clearfix  eltdf-iwt-icon-top eltdf-iwt-icon-medium eltdf-iwt-position-text_center\">\n\t<div class=\"eltdf-iwt-icon\">\n\t\t\t\t\t\t\t\t\t<img loading=\"lazy\" decoding=\"async\" width=\"61\" height=\"61\" src=\"https:\/\/praktykujzmeblewojcik.pl\/wp-content\/uploads\/2022\/06\/gwarancja-zatrudnienia-dla-najlepszych-uczniow.png\" class=\"attachment-full size-full\" alt=\"Praktykuj z Meble W\u00f3jcik\" \/>\t\t\t\t\t\t<\/div>\n\t<div class=\"eltdf-iwt-content\" >\n\t\t\t\t\t<h4 class=\"eltdf-iwt-title\" >\n\t\t\t\t\t\t\t\t<span class=\"eltdf-iwt-title-text\">Najlepsi uczniowie maj\u0105 gwarancj\u0119 zatrudnienia<\/span>\n\t\t\t\t\t\t\t<\/h4>\n\t\t\t\t\t\t\t<p class=\"eltdf-iwt-text\" >oraz zdobycia dodatkowych uprawnie\u0144.<\/p>\n\t\t\t<\/div>\n<\/div>\t\t<\/div>\n\t<\/div>\n<\/div><\/div>[\/vc_column][\/vc_row][vc_row][vc_column][vc_video link=&#8221;https:\/\/www.youtube.com\/watch?v=G4z5c4Dg1qg&#8221; css_animation=&#8221;fadeIn&#8221;][\/vc_column][\/vc_row][vc_row row_content_width=&#8221;grid&#8221; css=&#8221;.vc_custom_1531134751097{padding-bottom: 100px !important;}&#8221;][vc_column][vc_empty_space height=&#8221;92px&#8221;][\/vc_column][vc_column offset=&#8221;vc_col-lg-6 vc_col-md-12&#8243;]<div class=\"eltdf-elements-holder   eltdf-one-column  eltdf-responsive-mode-768   \" ><div class=\"eltdf-eh-item     \"  data-item-class=\"eltdf-eh-custom-5604\" data-1025-1366=\"0px 55px 0 78px\" data-769-1024=\"0px 30% 0 70px\" data-681-768=\"0px 15% 0 50px\" data-680=\"0px 10px 30px\">\n\t<div class=\"eltdf-eh-item-inner\">\n\t\t<div class=\"eltdf-eh-item-content eltdf-eh-custom-5604\" style=\"padding: 0px 55px 0 110px\">\n\t\t\t<div class=\"eltdf-section-title-holder  eltdf-st-standard eltdf-st-title-left eltdf-st-normal-space \" >\n\t<div class=\"eltdf-st-inner\">\n\t\t\t\t\t<h2 class=\"eltdf-st-title\" style=\"color: #252525\">\n\t\t\t\tKontakt z Doradc\u0105 Zawodowym\t\t\t<\/h2>\n\t\t\t\t\t\t\t<div class=\"eltdf-separator-holder clearfix  eltdf-separator-left \">\n\t<div class=\"eltdf-separator\" style=\"border-color: #dd3333;width: 38px;border-bottom-width: 3px;margin-top: 23px;margin-bottom: 9px\"><\/div>\n<\/div>\n\t\t\t\t\t\t\t<h5 class=\"eltdf-st-text\" style=\"color: #333333;font-size: 19px;font-weight: 400\">\n\t\t\t\tJe\u015bli chcesz zada\u0107 pytanie dotycz\u0105ce programu praktyk zawodowych w Meble W\u00f3jcik, wy\u015blij do nas zapytanie, a my postaramy si\u0119 skontaktowa\u0107 z Tob\u0105 jak najszybciej.\t\t\t<\/h5>\n\t\t\t<\/div>\n<\/div>[vc_empty_space height=&#8221;41px&#8221;]<div class=\"eltdf-icon-list-holder \" >\n\t<div class=\"eltdf-il-icon-holder\">\n\t\t<i class=\"eltdf-icon-dripicons dripicon dripicons-location \" style=\"color: #dd3333;font-size: 17px\"><\/i>\t<\/div>\n\t<p class=\"eltdf-il-text\" style=\"color: #252525;padding-left: 25px\">\u017bu\u0142awska 18, 82 300 Elbl\u0105g<\/p>\n<\/div>[vc_empty_space height=&#8221;3px&#8221;]<div class=\"eltdf-icon-list-holder \" >\n\t<div class=\"eltdf-il-icon-holder\">\n\t\t<i class=\"eltdf-icon-dripicons dripicon dripicons-phone \" style=\"color: #dd3333;font-size: 17px\"><\/i>\t<\/div>\n\t<p class=\"eltdf-il-text\" style=\"color: #252525;padding-left: 25px\">+48 785 775 885<\/p>\n<\/div>[vc_empty_space height=&#8221;3px&#8221;]\t\t<\/div>\n\t<\/div>\n<\/div><\/div>[vc_empty_space height=&#8221;30px&#8221;][\/vc_column][vc_column offset=&#8221;vc_col-lg-6 vc_col-md-12&#8243;]<div class=\"eltdf-elements-holder   eltdf-one-column  eltdf-responsive-mode-768   \" ><div class=\"eltdf-eh-item     \"  data-item-class=\"eltdf-eh-custom-4967\" data-1025-1366=\"15px 78px 0 0px\" data-769-1024=\"43px 70px 0 70px\" data-681-768=\"0 50px\" data-680=\"0 5px\">\n\t<div class=\"eltdf-eh-item-inner\">\n\t\t<div class=\"eltdf-eh-item-content eltdf-eh-custom-4967\" style=\"padding: 15px 110px 0 0\">\n\t\t\t\n<div class=\"wpcf7 no-js\" id=\"wpcf7-f629-o1\" lang=\"en-US\" dir=\"ltr\" data-wpcf7-id=\"629\">\n<div class=\"screen-reader-response\"><p role=\"status\" aria-live=\"polite\" aria-atomic=\"true\"><\/p> <ul><\/ul><\/div>\n<form action=\"\/index.php?rest_route=%2Fwp%2Fv2%2Fpages%2F3663#wpcf7-f629-o1\" method=\"post\" class=\"wpcf7-form init cf7_custom_style_1\" aria-label=\"Contact form\" novalidate=\"novalidate\" data-status=\"init\">\n<div style=\"display: none;\">\n<input type=\"hidden\" name=\"_wpcf7\" value=\"629\" \/>\n<input type=\"hidden\" name=\"_wpcf7_version\" value=\"6.0.1\" \/>\n<input type=\"hidden\" name=\"_wpcf7_locale\" value=\"en_US\" \/>\n<input type=\"hidden\" name=\"_wpcf7_unit_tag\" value=\"wpcf7-f629-o1\" \/>\n<input type=\"hidden\" name=\"_wpcf7_container_post\" value=\"0\" \/>\n<input type=\"hidden\" name=\"_wpcf7_posted_data_hash\" value=\"\" \/>\n<\/div>\n<p><span class=\"wpcf7-form-control-wrap\" data-name=\"your-name\"><input size=\"40\" maxlength=\"400\" class=\"wpcf7-form-control wpcf7-text wpcf7-validates-as-required\" aria-required=\"true\" aria-invalid=\"false\" placeholder=\"Imi\u0119\" value=\"\" type=\"text\" name=\"your-name\" \/><\/span><br \/>\n<span class=\"wpcf7-form-control-wrap\" data-name=\"your-email\"><input size=\"40\" maxlength=\"400\" class=\"wpcf7-form-control wpcf7-email wpcf7-validates-as-required wpcf7-text wpcf7-validates-as-email\" aria-required=\"true\" aria-invalid=\"false\" placeholder=\"Tw\u00f3j Email\" value=\"\" type=\"email\" name=\"your-email\" \/><\/span><br \/>\n<span class=\"wpcf7-form-control-wrap\" data-name=\"your-tel\"><input size=\"40\" maxlength=\"400\" class=\"wpcf7-form-control wpcf7-tel wpcf7-validates-as-required wpcf7-text wpcf7-validates-as-tel\" aria-required=\"true\" aria-invalid=\"false\" placeholder=\"Tw\u00f3j numer telefonu\" value=\"\" type=\"tel\" name=\"your-tel\" \/><\/span><br \/>\n<span class=\"wpcf7-form-control-wrap\" data-name=\"textarea-434\"><textarea cols=\"40\" rows=\"10\" maxlength=\"2000\" class=\"wpcf7-form-control wpcf7-textarea\" aria-invalid=\"false\" placeholder=\"Zadaj nam pytanie\" name=\"textarea-434\"><\/textarea><\/span><br \/>\n<input class=\"wpcf7-form-control wpcf7-submit has-spinner\" type=\"submit\" value=\"Wy\u015blij\" \/><br \/>\n<span class=\"wpcf7-form-control-wrap\" data-name=\"acceptance-52\"><span class=\"wpcf7-form-control wpcf7-acceptance optional\"><span class=\"wpcf7-list-item\"><input type=\"checkbox\" name=\"acceptance-52\" value=\"1\" aria-invalid=\"false\" \/><\/span><\/span><\/span> Wyra\u017cam zgod\u0119 na przetwarzanie danych osobowych zgodnie z ustaw\u0105 o ochronie danych osobowych. Administratorem Pa\u0144stwa danych b\u0119dzie: Meble W\u00f3jcik sp\u00f3\u0142ka z ograniczon\u0105 odpowiedzialno\u015bci\u0105 z siedzib\u0105 w Elbl\u0105gu (82-300), ul. Mazurska 45, wpisana do rejestru przedsi\u0119biorc\u00f3w Krajowego Rejestru S\u0105dowego pod numerem KRS: 0000250772, przed S\u0105d Rejonowy w Olsztynie, VIII Wydzia\u0142 Gospodarczy Krajowego Rejestru Sadowego, posiadaj\u0105cej REGON: 280087998, NIP: 5782921164, o kapitale zak\u0142adowym w wysoko\u015bci 1.575.000 PLN. Pa\u0144stwa dane b\u0119d\u0105 przetwarzane w celu przesy\u0142ania Pa\u0144stwu korespondencji marketingowej informuj\u0105cej o dzia\u0142alno\u015bci i ofercie handlowej Sp\u00f3\u0142ki.\n<\/p><input type='hidden' class='wpcf7-pum' value='{\"closepopup\":false,\"closedelay\":0,\"openpopup\":false,\"openpopup_id\":0}' \/><div class=\"wpcf7-response-output\" aria-hidden=\"true\"><\/div>\n<\/form>\n<\/div>\n\t\t<\/div>\n\t<\/div>\n<\/div><\/div>[vc_empty_space height=&#8221;30px&#8221;][\/vc_column][\/vc_row][vc_row row_content_width=&#8221;grid&#8221; content_text_aligment=&#8221;center&#8221; css=&#8221;.vc_custom_1530797198190{padding-top: 93px !important;padding-bottom: 60px !important;}&#8221; simple_background_color=&#8221;#252525&#8243;][vc_column]<div class=\"eltdf-elements-holder   eltdf-one-column  eltdf-responsive-mode-768   \" ><div class=\"eltdf-eh-item     \"  data-item-class=\"eltdf-eh-custom-4182\" data-1025-1366=\"0 0 0 40%\" data-769-1024=\"0 0 0 35%\" data-681-768=\"0 0 0 32%\" data-680=\"0 48px 0 17%\">\n\t<div class=\"eltdf-eh-item-inner\">\n\t\t<div class=\"eltdf-eh-item-content eltdf-eh-custom-4182\" style=\"padding: 0 0 0 42%\">\n\t\t\t<div class=\"eltdf-single-image-holder   eltdf-image-behavior-zoom\">\n    <div class=\"eltdf-si-inner\" >\n                                    <img loading=\"lazy\" decoding=\"async\" width=\"205\" height=\"108\" src=\"https:\/\/praktykujzmeblewojcik.pl\/wp-content\/uploads\/2022\/07\/2_logo_stopka.png\" class=\"attachment-full size-full\" alt=\"\" \/>                        <\/div>\n<\/div>\t\t<\/div>\n\t<\/div>\n<\/div><\/div>[vc_empty_space height=&#8221;42px&#8221;][vc_column_text]<span style=\"font-family: Poppins; font-weight: 400; color: #ffffff;\">Praktykuj z Meble W\u00f3jcik<\/span>[\/vc_column_text][vc_column_text]<span style=\"color: #ffffff;\"><span style=\"font-family: Poppins;\">ul.\u017bu\u0142awska 18<\/span><\/span><\/p>\n<p><span style=\"color: #ffffff;\">82 300 Elbl\u0105g<\/span><\/p>\n<h6><\/h6>\n<p>[\/vc_column_text][vc_column_text]<span style=\"font-family: Poppins; font-weight: 400; color: #ffffff;\">+48 785 775 885<\/span>[\/vc_column_text][vc_empty_space height=&#8221;25px&#8221;][vc_column_text]<\/p>\n<div class=\"boxed-footer-custom-menu\">\n<div class=\"boxed-footer-custom-menu-inner\">\n<ul>\n<li><a href=\"https:\/\/praktykujzmeblewojcik.pl\/\">Home<\/a><\/li>\n<li><a href=\"https:\/\/praktykujzmeblewojcik.pl\/?page_id=189\">Co po szkole podstawowej?<\/a><\/li>\n<li><a href=\"https:\/\/praktykujzmeblewojcik.pl\/?page_id=3663\">Dlaczego Meble W\u00f3jcik?<\/a><\/li>\n<li><a href=\"https:\/\/praktykujzmeblewojcik.pl\/?page_id=1273\">Video<\/a><\/li>\n<li><a href=\"https:\/\/praktykujzmeblewojcik.pl\/?page_id=1310\">Galeria<\/a><\/li>\n<li><a href=\"https:\/\/praktykujzmeblewojcik.pl\/?page_id=311\">Kontakt<\/a><\/li>\n<\/ul>\n<\/div>\n<\/div>\n<p>[\/vc_column_text][\/vc_column][\/vc_row]<\/p>\n","protected":false},"excerpt":{"rendered":"<p>[vc_row content_text_aligment=&#8221;center&#8221;][vc_column][vc_column_text][\/vc_column_text][vc_column_text css=&#8221;.vc_custom_1681212093272{padding-top: 40px !important;}&#8221; el_id=&#8221;meble&#8221;] Piotr W\u00f3jcik Wsp\u00f3\u0142czesny rynek pracy stawia przed m\u0142odymi lud\u017ami wiele wyzwa\u0144. Opr\u00f3cz teoretycznej wiedzy, firmy coraz cz\u0119\u015bciej oczekuj\u0105 od nich kompetencji popartych do\u015bwiadczeniem. Odpowiedzi\u0105 na te wymagania jest szkolnictwo zawodowe i dualny system kszta\u0142cenia. [\/vc_column_text][vc_column_text css=&#8221;.vc_custom_1655278584694{padding-top: 40px !important;}&#8221;] Co oferujemy: [\/vc_column_text][\/vc_column][\/vc_row][vc_row content_text_aligment=&#8221;center&#8221;][vc_column][\/vc_column][\/vc_row][vc_row content_text_aligment=&#8221;center&#8221;][vc_column][\/vc_column][\/vc_row][vc_row][vc_column][vc_video link=&#8221;https:\/\/www.youtube.com\/watch?v=G4z5c4Dg1qg&#8221; css_animation=&#8221;fadeIn&#8221;][\/vc_column][\/vc_row][vc_row row_content_width=&#8221;grid&#8221; css=&#8221;.vc_custom_1531134751097{padding-bottom: 100px !important;}&#8221;][vc_column][vc_empty_space height=&#8221;92px&#8221;][\/vc_column][vc_column offset=&#8221;vc_col-lg-6 vc_col-md-12&#8243;][vc_empty_space height=&#8221;30px&#8221;][\/vc_column][vc_column offset=&#8221;vc_col-lg-6 [&hellip;]<\/p>\n","protected":false},"author":1,"featured_media":0,"parent":0,"menu_order":0,"comment_status":"closed","ping_status":"closed","template":"","meta":{"_bbp_topic_count":0,"_bbp_reply_count":0,"_bbp_total_topic_count":0,"_bbp_total_reply_count":0,"_bbp_voice_count":0,"_bbp_anonymous_reply_count":0,"_bbp_topic_count_hidden":0,"_bbp_reply_count_hidden":0,"_bbp_forum_subforum_count":0,"om_disable_all_campaigns":false,"_monsterinsights_skip_tracking":false,"_monsterinsights_sitenote_active":false,"_monsterinsights_sitenote_note":"","_monsterinsights_sitenote_category":0,"footnotes":""},"class_list":["post-3663","page","type-page","status-publish","hentry"],"_links":{"self":[{"href":"https:\/\/praktykujzmeblewojcik.pl\/index.php?rest_route=\/wp\/v2\/pages\/3663","targetHints":{"allow":["GET"]}}],"collection":[{"href":"https:\/\/praktykujzmeblewojcik.pl\/index.php?rest_route=\/wp\/v2\/pages"}],"about":[{"href":"https:\/\/praktykujzmeblewojcik.pl\/index.php?rest_route=\/wp\/v2\/types\/page"}],"author":[{"embeddable":true,"href":"https:\/\/praktykujzmeblewojcik.pl\/index.php?rest_route=\/wp\/v2\/users\/1"}],"replies":[{"embeddable":true,"href":"https:\/\/praktykujzmeblewojcik.pl\/index.php?rest_route=%2Fwp%2Fv2%2Fcomments&post=3663"}],"version-history":[{"count":65,"href":"https:\/\/praktykujzmeblewojcik.pl\/index.php?rest_route=\/wp\/v2\/pages\/3663\/revisions"}],"predecessor-version":[{"id":4616,"href":"https:\/\/praktykujzmeblewojcik.pl\/index.php?rest_route=\/wp\/v2\/pages\/3663\/revisions\/4616"}],"wp:attachment":[{"href":"https:\/\/praktykujzmeblewojcik.pl\/index.php?rest_route=%2Fwp%2Fv2%2Fmedia&parent=3663"}],"curies":[{"name":"wp","href":"https:\/\/api.w.org\/{rel}","templated":true}]}}